{"id":244,"date":"2024-11-21T12:26:28","date_gmt":"2024-11-21T11:26:28","guid":{"rendered":"http:\/\/www.maiclub-barmen.de\/?page_id=244"},"modified":"2024-11-21T12:26:30","modified_gmt":"2024-11-21T11:26:30","slug":"videos","status":"publish","type":"page","link":"http:\/\/www.maiclub-barmen.de\/?page_id=244","title":{"rendered":"Videos"},"content":{"rendered":"\n<p><strong>Maikirmes 2024: &#8222;Barmen feiert: Jubel! Trubel! Heiterkeit!&#8220; (vom Herzog Magazin)<\/strong><\/p>\n\n\n\n<figure class=\"wp-block-embed is-type-video is-provider-youtube wp-block-embed-youtube wp-embed-aspect-16-9 wp-has-aspect-ratio\"><div class=\"wp-block-embed__wrapper\">\n<iframe loading=\"lazy\" title=\"Barmen feiert: Jubel! Trubel! Heiterkeit!\" width=\"750\" height=\"422\" src=\"https:\/\/www.youtube.com\/embed\/MRX1HoQVcgY?feature=oembed\" frameborder=\"0\" allow=\"accelerometer; autoplay; clipboard-write; encrypted-media; gyroscope; picture-in-picture; web-share\" referrerpolicy=\"strict-origin-when-cross-origin\" allowfullscreen><\/iframe>\n<\/div><figcaption class=\"wp-element-caption\"><em>Nach wochenlanger K\u00e4lte, Regen, Hagel und was der April sonst wettertechnisch noch zu bieten hatte, feiert der Maiclub Barmen am letzten Aprilwochenende die Maikirmes mit Wind und Sonne. Bejubelt wurde das K\u00f6nigspaar Lukas Riesen und Dana Bertrams und all die adrett gekleideten Herren und wundersch\u00f6n aussehenden Damen beim Gang durch das D\u00f6rfchen an der Rur.<\/em><\/figcaption><\/figure>\n\n\n\n<p><strong>Maikirmes 2011: &#8222;100 Jahre Maiclub Barmen &#8211; Die Jubil\u00e4umskirmes 2011&#8220; (von Andreas Garitz)<\/strong><\/p>\n\n\n\n<figure class=\"wp-block-embed is-type-video is-provider-youtube wp-block-embed-youtube wp-embed-aspect-4-3 wp-has-aspect-ratio\"><div class=\"wp-block-embed__wrapper\">\n<iframe loading=\"lazy\" title=\"100 Jahre Maiclub Barmen - Die Jubil\u00e4umskirmes 2011 - Teil 1\" width=\"750\" height=\"563\" src=\"https:\/\/www.youtube.com\/embed\/_sinyKJ3huA?feature=oembed\" frameborder=\"0\" allow=\"accelerometer; autoplay; clipboard-write; encrypted-media; gyroscope; picture-in-picture; web-share\" referrerpolicy=\"strict-origin-when-cross-origin\" allowfullscreen><\/iframe>\n<\/div><figcaption class=\"wp-element-caption\"><em>Der Film dokumentiert die Vorbereitungen und die Durchf\u00fchrung der Jubil\u00e4ums-Kirmes 2011 im rheinischen Dorf J\u00fclich-Barmen. Dabei kommen umfangreich Zeitzeugen der Vereinsgeschichte und -gegenwart zu Wort, die das Ph\u00e4nomen Maiclub aus verschiedensten Blickwinkeln beleuchten.<\/em><\/figcaption><\/figure>\n\n\n\n<p><strong>Maikirmes 2011: &#8222;Festakt zur Jubil\u00e4umskirmes 2011&#8220;<\/strong><\/p>\n\n\n\n<figure class=\"wp-block-embed is-type-video is-provider-youtube wp-block-embed-youtube wp-embed-aspect-4-3 wp-has-aspect-ratio\"><div class=\"wp-block-embed__wrapper\">\n<iframe loading=\"lazy\" title=\"Festakt zur Jubil\u00e4umskirmes 2011\" width=\"750\" height=\"563\" src=\"https:\/\/www.youtube.com\/embed\/1NSNdYXisg8?feature=oembed\" frameborder=\"0\" allow=\"accelerometer; autoplay; clipboard-write; encrypted-media; gyroscope; picture-in-picture; web-share\" referrerpolicy=\"strict-origin-when-cross-origin\" allowfullscreen><\/iframe>\n<\/div><\/figure>\n\n\n\n<p><strong>Maikirmes 2009: &#8222;Maikirmes-Report&#8220; (von Andreas Garitz)<\/strong><\/p>\n\n\n\n<figure class=\"wp-block-embed is-type-video is-provider-youtube wp-block-embed-youtube wp-embed-aspect-4-3 wp-has-aspect-ratio\"><div class=\"wp-block-embed__wrapper\">\n<iframe loading=\"lazy\" title=\"Maikirmes-Report 2009\" width=\"750\" height=\"563\" src=\"https:\/\/www.youtube.com\/embed\/X2Y072-fr-8?feature=oembed\" frameborder=\"0\" allow=\"accelerometer; autoplay; clipboard-write; encrypted-media; gyroscope; picture-in-picture; web-share\" referrerpolicy=\"strict-origin-when-cross-origin\" allowfullscreen><\/iframe>\n<\/div><figcaption class=\"wp-element-caption\"><em>Satire aus dem Jahr 2009<\/em><\/figcaption><\/figure>\n\n\n\n<p><strong>Maikirmes 2008: &#8222;David on Tour: May Day and Love is in the Air&#8220;<\/strong><\/p>\n\n\n\n<figure class=\"wp-block-embed is-type-video is-provider-youtube wp-block-embed-youtube wp-embed-aspect-4-3 wp-has-aspect-ratio\"><div class=\"wp-block-embed__wrapper\">\n<iframe loading=\"lazy\" title=\"David on Tour: May Day and Love is in the Air\" width=\"750\" height=\"563\" src=\"https:\/\/www.youtube.com\/embed\/9rXQr6XQEFE?feature=oembed\" frameborder=\"0\" allow=\"accelerometer; autoplay; clipboard-write; encrypted-media; gyroscope; picture-in-picture; web-share\" referrerpolicy=\"strict-origin-when-cross-origin\" allowfullscreen><\/iframe>\n<\/div><figcaption class=\"wp-element-caption\"><em>David Patrician, an American journalist living in Germany, visits Alexander Holz in Barmen and helps raise the &#8222;May Tree&#8220; (Mai Baum) to celebrate the beginning of the May Festival.<\/em><\/figcaption><\/figure>\n\n\n\n<p><strong>Maikirmes 1996: &#8222;In Barmen ist Kirmes&#8220; (von Andreas Garitz)<\/strong><\/p>\n\n\n\n<figure class=\"wp-block-embed is-type-video is-provider-youtube wp-block-embed-youtube wp-embed-aspect-4-3 wp-has-aspect-ratio\"><div class=\"wp-block-embed__wrapper\">\n<iframe loading=\"lazy\" title=\"In Barmen ist Kirmes\" width=\"750\" height=\"563\" src=\"https:\/\/www.youtube.com\/embed\/iaZhxFeEPik?feature=oembed\" frameborder=\"0\" allow=\"accelerometer; autoplay; clipboard-write; encrypted-media; gyroscope; picture-in-picture; web-share\" referrerpolicy=\"strict-origin-when-cross-origin\" allowfullscreen><\/iframe>\n<\/div><figcaption class=\"wp-element-caption\"><em>Film zum Maibrauch einer kleinen rheinischen Gemeinde im J\u00fclicher Land, Altes Werk aus dem Jahr 1997, dass die Maikirmes des Ortes J\u00fclich-Barmen des Jahres 1996 im Bild festgehalten hat!<\/em><\/figcaption><\/figure>\n\n\n\n<p><\/p>\n","protected":false},"excerpt":{"rendered":"<p>Maikirmes 2024: &#8222;Barmen feiert: Jubel! Trubel! Heiterkeit!&#8220; (vom Herzog Magazin) Maikirmes 2011: &#8222;100 Jahre Maiclub Barmen &#8211; Die Jubil\u00e4umskirmes 2011&#8220; (von Andreas Garitz) Maikirmes 2011: &#8222;Festakt zur Jubil\u00e4umskirmes 2011&#8220; Maikirmes 2009: &#8222;Maikirmes-Report&#8220; (von Andreas Garitz) Maikirmes 2008: &#8222;David on Tour: May Day and Love is in the Air&#8220; Maikirmes 1996: [&hellip;]<\/p>\n","protected":false},"author":2,"featured_media":0,"parent":0,"menu_order":0,"comment_status":"closed","ping_status":"closed","template":"","meta":{"footnotes":""},"jetpack_sharing_enabled":true,"_links":{"self":[{"href":"http:\/\/www.maiclub-barmen.de\/index.php?rest_route=\/wp\/v2\/pages\/244"}],"collection":[{"href":"http:\/\/www.maiclub-barmen.de\/index.php?rest_route=\/wp\/v2\/pages"}],"about":[{"href":"http:\/\/www.maiclub-barmen.de\/index.php?rest_route=\/wp\/v2\/types\/page"}],"author":[{"embeddable":true,"href":"http:\/\/www.maiclub-barmen.de\/index.php?rest_route=\/wp\/v2\/users\/2"}],"replies":[{"embeddable":true,"href":"http:\/\/www.maiclub-barmen.de\/index.php?rest_route=%2Fwp%2Fv2%2Fcomments&post=244"}],"version-history":[{"count":1,"href":"http:\/\/www.maiclub-barmen.de\/index.php?rest_route=\/wp\/v2\/pages\/244\/revisions"}],"predecessor-version":[{"id":246,"href":"http:\/\/www.maiclub-barmen.de\/index.php?rest_route=\/wp\/v2\/pages\/244\/revisions\/246"}],"wp:attachment":[{"href":"http:\/\/www.maiclub-barmen.de\/index.php?rest_route=%2Fwp%2Fv2%2Fmedia&parent=244"}],"curies":[{"name":"wp","href":"https:\/\/api.w.org\/{rel}","templated":true}]}}