{"id":229,"date":"2024-03-24T22:55:43","date_gmt":"2024-03-24T21:55:43","guid":{"rendered":"http:\/\/www.maiclub-barmen.de\/?page_id=229"},"modified":"2024-03-24T22:55:44","modified_gmt":"2024-03-24T21:55:44","slug":"komm-lieber-mai","status":"publish","type":"page","link":"http:\/\/www.maiclub-barmen.de\/?page_id=229","title":{"rendered":"Komm, lieber Mai"},"content":{"rendered":"\n<p><strong>1.<\/strong>:<br>Komm, lieber Mai,<br>und mache die B\u00e4ume wieder gr\u00fcn<br>und lass mir an dem Bache<br>die kleinen Veilchen bl\u00fchn!<br>Wie m\u00f6chte ich doch so gerne<br>ein Veilchen wieder Sehn,<br>ach, lieber Mai, wie gerne<br>einmal spazieren gehn!<\/p>\n\n\n\n<p><strong>2.:<\/strong><br>Zwar Wintertage haben<br>wohl auch der Freuden viel:<br>man kann im Schnee eins traben<br>und treibt manch Kinderspiel,<br>baut H\u00e4userchen von Karten,<br>spielt Blindekuh und Pfand,<br>auch gibt&#8217;s wohl Schlittenfahrten<br>ins weite wei\u00dfe Land.<\/p>\n\n\n\n<p><strong>3.:<\/strong><br>Doch wenn die V\u00f6gel singen<br>und wir dann froh und flink<br>auf gr\u00fcnem Rasen springen,<br>das ist ein ander Ding!<br>Jetzt muss mein Steckenpferdchen<br>dort in dem Winkel stehn,<br>denn drau\u00dfen in dem G\u00e4rtchen,<br>kann man vor Schmutz nicht gehn.<\/p>\n","protected":false},"excerpt":{"rendered":"<p>1.:Komm, lieber Mai,und mache die B\u00e4ume wieder gr\u00fcnund lass mir an dem Bachedie kleinen Veilchen bl\u00fchn!Wie m\u00f6chte ich doch so gerneein Veilchen wieder Sehn,ach, lieber Mai, wie gerneeinmal spazieren gehn! 2.:Zwar Wintertage habenwohl auch der Freuden viel:man kann im Schnee eins trabenund treibt manch Kinderspiel,baut H\u00e4userchen von Karten,spielt Blindekuh und [&hellip;]<\/p>\n","protected":false},"author":1,"featured_media":0,"parent":0,"menu_order":0,"comment_status":"closed","ping_status":"closed","template":"","meta":{"footnotes":""},"jetpack_sharing_enabled":true,"_links":{"self":[{"href":"http:\/\/www.maiclub-barmen.de\/index.php?rest_route=\/wp\/v2\/pages\/229"}],"collection":[{"href":"http:\/\/www.maiclub-barmen.de\/index.php?rest_route=\/wp\/v2\/pages"}],"about":[{"href":"http:\/\/www.maiclub-barmen.de\/index.php?rest_route=\/wp\/v2\/types\/page"}],"author":[{"embeddable":true,"href":"http:\/\/www.maiclub-barmen.de\/index.php?rest_route=\/wp\/v2\/users\/1"}],"replies":[{"embeddable":true,"href":"http:\/\/www.maiclub-barmen.de\/index.php?rest_route=%2Fwp%2Fv2%2Fcomments&post=229"}],"version-history":[{"count":1,"href":"http:\/\/www.maiclub-barmen.de\/index.php?rest_route=\/wp\/v2\/pages\/229\/revisions"}],"predecessor-version":[{"id":231,"href":"http:\/\/www.maiclub-barmen.de\/index.php?rest_route=\/wp\/v2\/pages\/229\/revisions\/231"}],"wp:attachment":[{"href":"http:\/\/www.maiclub-barmen.de\/index.php?rest_route=%2Fwp%2Fv2%2Fmedia&parent=229"}],"curies":[{"name":"wp","href":"https:\/\/api.w.org\/{rel}","templated":true}]}}