{"id":223,"date":"2024-03-24T22:50:14","date_gmt":"2024-03-24T21:50:14","guid":{"rendered":"http:\/\/www.maiclub-barmen.de\/?page_id=223"},"modified":"2024-03-24T22:50:16","modified_gmt":"2024-03-24T21:50:16","slug":"kehr-ich-einst-zur-heimat-wieder","status":"publish","type":"page","link":"http:\/\/www.maiclub-barmen.de\/?page_id=223","title":{"rendered":"Kehr ich einst zur Heimat wieder"},"content":{"rendered":"\n<p><strong>1.:<\/strong><br>Kehr ich einst zur Heimat wieder,<br>Fr\u00fch am Morgen, wenn die Sonn&#8216; aufgeht.<br>Schau ich dann ins Tal hernieder,<br>Wo vor einer T\u00fcr ein M\u00e4dchen steht.<\/p>\n\n\n\n<p><strong>Refrain:<\/strong><br>Da seufzt sie still, ja still und fl\u00fcstert leise:<br>Mein Barmerland, mein Heimatland,<br>So von Natur, Natur in alter Weise,<br>Wir sehn uns wieder, mein Barmerland,<br>Wir sehn uns wieder am Rurstrand.<\/p>\n\n\n\n<p><strong>2.:<\/strong><br>In dem Schatten einer Eiche,<br>Ja, da gab ich ihr den Abschiedsku\u00df.<br>Schatz, ich kann nicht bei dir bleiben,<br>Weil, ja weil ich von dir scheiden mu\u00df.<\/p>\n\n\n\n<p><strong>Refrain:<\/strong><br>Da seufzt sie still, ja still und fl\u00fcstert leise:<br>Mein Barmerland, mein Heimatland,<br>So von Natur, Natur in alter Weise,<br>Wir sehn uns wieder, mein Barmerland,<br>Wir sehn uns wieder am Rurstrand.<\/p>\n\n\n\n<p><strong>3.:<\/strong><br>Liebes M\u00e4dchen, la\u00df das Weinen,<br>Liebes M\u00e4dchen, la\u00df das Weinen sein.<br>Wenn die Rosen wieder bl\u00fchen,<br>Ja dann kehr ich wieder bei dir ein.<\/p>\n\n\n\n<p><strong>Refrain:<\/strong><br>Da seufzt sie still, ja still und fl\u00fcstert leise:<br>Mein Barmerland, mein Heimatland,<br>So von Natur, Natur in alter Weise,<br>Wir sehn uns wieder, mein Barmerland,<br>Wir sehn uns wieder am Rurstrand.<\/p>\n","protected":false},"excerpt":{"rendered":"<p>1.:Kehr ich einst zur Heimat wieder,Fr\u00fch am Morgen, wenn die Sonn&#8216; aufgeht.Schau ich dann ins Tal hernieder,Wo vor einer T\u00fcr ein M\u00e4dchen steht. Refrain:Da seufzt sie still, ja still und fl\u00fcstert leise:Mein Barmerland, mein Heimatland,So von Natur, Natur in alter Weise,Wir sehn uns wieder, mein Barmerland,Wir sehn uns wieder am [&hellip;]<\/p>\n","protected":false},"author":1,"featured_media":0,"parent":0,"menu_order":0,"comment_status":"closed","ping_status":"closed","template":"","meta":{"footnotes":""},"jetpack_sharing_enabled":true,"_links":{"self":[{"href":"http:\/\/www.maiclub-barmen.de\/index.php?rest_route=\/wp\/v2\/pages\/223"}],"collection":[{"href":"http:\/\/www.maiclub-barmen.de\/index.php?rest_route=\/wp\/v2\/pages"}],"about":[{"href":"http:\/\/www.maiclub-barmen.de\/index.php?rest_route=\/wp\/v2\/types\/page"}],"author":[{"embeddable":true,"href":"http:\/\/www.maiclub-barmen.de\/index.php?rest_route=\/wp\/v2\/users\/1"}],"replies":[{"embeddable":true,"href":"http:\/\/www.maiclub-barmen.de\/index.php?rest_route=%2Fwp%2Fv2%2Fcomments&post=223"}],"version-history":[{"count":1,"href":"http:\/\/www.maiclub-barmen.de\/index.php?rest_route=\/wp\/v2\/pages\/223\/revisions"}],"predecessor-version":[{"id":225,"href":"http:\/\/www.maiclub-barmen.de\/index.php?rest_route=\/wp\/v2\/pages\/223\/revisions\/225"}],"wp:attachment":[{"href":"http:\/\/www.maiclub-barmen.de\/index.php?rest_route=%2Fwp%2Fv2%2Fmedia&parent=223"}],"curies":[{"name":"wp","href":"https:\/\/api.w.org\/{rel}","templated":true}]}}